{"id":2,"date":"2015-02-03T19:39:17","date_gmt":"2015-02-03T19:39:17","guid":{"rendered":"http:\/\/www.xn--doinosdeledesma-zafron-lec.es\/historia\/?page_id=2"},"modified":"2015-02-09T16:33:38","modified_gmt":"2015-02-09T16:33:38","slug":"zafrondoninos","status":"publish","type":"page","link":"http:\/\/www.xn--doinosdeledesma-zafron-lec.es\/historia\/","title":{"rendered":"Historia de Zafr\u00f3n &#8211; Do\u00f1inos de Ledesma"},"content":{"rendered":"<p>Do\u00f1inos de Ledesma es un municipio de la comarca de  Tierra de Ledesma, en la provincia de Salamanca (Castilla y Le\u00f3n, Espa\u00f1a). <\/p>\n<p>La fundaci\u00f3n de Do\u00f1inos de Ledesma se remonta a la Edad Media, obedeciendo a las repoblaciones efectuadas por los reyes leoneses en la Alta Edad Media, quedando encuadrada la localidad en la jurisdicci\u00f3n de Ledesma desde la creaci\u00f3n de su alfoz por parte de Fernando II de Le\u00f3n en el siglo XII, as\u00ed como en su arcedianato. Cabe resaltar la temprana fundaci\u00f3n de la pedan\u00eda de Zafr\u00f3n, que se data en el reinado de Ramiro II de Le\u00f3n en el siglo X. Con la creaci\u00f3n de las actuales provincias en 1933, Do\u00f1inos de Ledesma qued\u00f3 integrado en la provincia de Salamanca.<\/p>\n<p>Tanto Do\u00f1inos de Ledesma como su pedan\u00eda Zafr\u00f3n tienen una gran historia detr\u00e1s; sus habitantes, sus rutinas, sus lugares esconden grandes relatos que os contamos en el Blog Historia de Do\u00f1inos de Ledesma y Zafr\u00f3n. <\/p>\n","protected":false},"excerpt":{"rendered":"<p>Do\u00f1inos de Ledesma es un municipio de la comarca de Tierra de Ledesma, en la provincia de Salamanca (Castilla y Le\u00f3n, Espa\u00f1a). La fundaci\u00f3n de Do\u00f1inos de Ledesma se remonta a la Edad Media, obedeciendo a las repoblaciones efectuadas por los reyes leoneses en la Alta Edad Media, quedando encuadrada la localidad en la jurisdicci\u00f3n &hellip;<\/p>\n","protected":false},"author":1,"featured_media":0,"parent":0,"menu_order":0,"comment_status":"closed","ping_status":"closed","template":"","meta":[],"_links":{"self":[{"href":"http:\/\/www.xn--doinosdeledesma-zafron-lec.es\/historia\/wp-json\/wp\/v2\/pages\/2"}],"collection":[{"href":"http:\/\/www.xn--doinosdeledesma-zafron-lec.es\/historia\/wp-json\/wp\/v2\/pages"}],"about":[{"href":"http:\/\/www.xn--doinosdeledesma-zafron-lec.es\/historia\/wp-json\/wp\/v2\/types\/page"}],"author":[{"embeddable":true,"href":"http:\/\/www.xn--doinosdeledesma-zafron-lec.es\/historia\/wp-json\/wp\/v2\/users\/1"}],"replies":[{"embeddable":true,"href":"http:\/\/www.xn--doinosdeledesma-zafron-lec.es\/historia\/wp-json\/wp\/v2\/comments?post=2"}],"version-history":[{"count":3,"href":"http:\/\/www.xn--doinosdeledesma-zafron-lec.es\/historia\/wp-json\/wp\/v2\/pages\/2\/revisions"}],"predecessor-version":[{"id":6,"href":"http:\/\/www.xn--doinosdeledesma-zafron-lec.es\/historia\/wp-json\/wp\/v2\/pages\/2\/revisions\/6"}],"wp:attachment":[{"href":"http:\/\/www.xn--doinosdeledesma-zafron-lec.es\/historia\/wp-json\/wp\/v2\/media?parent=2"}],"curies":[{"name":"wp","href":"https:\/\/api.w.org\/{rel}","templated":true}]}}